{"id":11,"date":"2025-01-13T14:59:37","date_gmt":"2025-01-13T14:59:37","guid":{"rendered":"https:\/\/tapdesign.ro\/?page_id=11"},"modified":"2025-01-17T06:33:34","modified_gmt":"2025-01-17T06:33:34","slug":"acasa","status":"publish","type":"page","link":"https:\/\/tapdesign.ro\/","title":{"rendered":"Acas\u0103"},"content":{"rendered":"\t\t<div data-elementor-type=\"wp-page\" data-elementor-id=\"11\" class=\"elementor elementor-11\">\n\t\t\t\t<div class=\"elementor-element elementor-element-5f03c71 e-flex e-con-boxed e-con e-parent\" data-id=\"5f03c71\" data-element_type=\"container\" data-e-type=\"container\">\n\t\t\t\t\t<div class=\"e-con-inner\">\n\t\t\t\t<div class=\"elementor-element elementor-element-b6acf8f elementor-widget elementor-widget-text-editor\" data-id=\"b6acf8f\" data-element_type=\"widget\" data-e-type=\"widget\" data-widget_type=\"text-editor.default\">\n\t\t\t\t<div class=\"elementor-widget-container\">\n\t\t\t\t\t\t\t\t\t<p><strong>TapDesign &#8211; Mobil\u0103 Personalizat\u0103, Creat\u0103 cu Pasiune<\/strong><\/p>\n<p>Bine ai venit la <strong>TapDesign<\/strong>, fabrica mic\u0103 de mobil\u0103 care pune accent pe calitate, func\u021bionalitate \u0219i design unic! Cu o echip\u0103 dedicat\u0103 \u0219i o aten\u021bie deosebit\u0103 pentru detalii, transform\u0103m ideile tale \u00een piese de mobilier care \u00ee\u021bi vor \u00eenfrumuse\u021ba casa sau spa\u021biul de lucru.<\/p>\n<p><strong>Ce oferim?<\/strong><\/p>\n<ul>\n<li><strong>Mobilier personalizat<\/strong>: Realiz\u0103m mobilier pe comand\u0103.<\/li>\n<li><strong>Design modern \u0219i clasic<\/strong>: Adapt\u0103m stilurile la preferin\u021bele tale \u0219i la specificul fiec\u0103rui proiect.<\/li>\n<li><strong>Materiale premium<\/strong>: Folosim materiale de calitate superioar\u0103, rezistente \u0219i estetice.<\/li>\n<li><strong>Eficien\u021b\u0103 \u0219i profesionalism<\/strong>: Asigur\u0103m livrarea la timp \u0219i execu\u021bia impecabil\u0103 a fiec\u0103rui produs.<\/li>\n<\/ul>\n<p><strong>De ce s\u0103 alegi TapDesign?<\/strong><\/p>\n<ul>\n<li>Suntem o echip\u0103 pasionat\u0103 de mobilier \u0219i design interior.<\/li>\n<li>Oferim solu\u021bii personalizate, adaptate perfect spa\u021biului \u0219i nevoilor tale.<\/li>\n<li>Produsele noastre combin\u0103 func\u021bionalitatea cu estetica, pentru o experien\u021b\u0103 unic\u0103.<\/li>\n<li>Sus\u021binem produc\u021bia local\u0103 \u0219i punem suflet \u00een fiecare pies\u0103 creat\u0103.<\/li>\n<\/ul>\n<p>\ud83d\udcde <strong>Contacteaz\u0103-ne acum!<\/strong> Transform\u0103-\u021bi visurile \u00een realitate cu mobilier creat special pentru tine.<\/p>\n<p>\u260e <strong>Telefon<\/strong>: <b>0761 143 942<\/b><br>\ud83d\udce7 <strong>E-mail<\/strong>: <b>ottimobilicas@yahoo.com<\/b><br>\ud83d\udccd <strong>Adres\u0103<\/strong>: <b>Preajba Mare, Nr 110<\/b><br>\ud83c\udf10 <strong>Website<\/strong><b>: www.tapdesign.ro<\/b><\/p>\n<p><strong>TapDesign<\/strong> \u2013 Mobila care te inspir\u0103, creat\u0103 cu m\u0103iestrie \u0219i grij\u0103 pentru detalii!<\/p>\t\t\t\t\t\t\t\t<\/div>\n\t\t\t\t<\/div>\n\t\t\t\t\t<\/div>\n\t\t\t\t<\/div>\n\t\t\t\t<\/div>\n\t\t","protected":false},"excerpt":{"rendered":"<p>TapDesign &#8211; Mobil\u0103 Personalizat\u0103, Creat\u0103 cu Pasiune Bine ai venit la TapDesign, fabrica mic\u0103 de mobil\u0103 care pune accent pe calitate, func\u021bionalitate [&hellip;]<\/p>\n","protected":false},"author":3,"featured_media":0,"parent":0,"menu_order":0,"comment_status":"closed","ping_status":"closed","template":"","meta":{"footnotes":""},"class_list":["post-11","page","type-page","status-publish","hentry"],"_links":{"self":[{"href":"https:\/\/tapdesign.ro\/index.php?rest_route=\/wp\/v2\/pages\/11","targetHints":{"allow":["GET"]}}],"collection":[{"href":"https:\/\/tapdesign.ro\/index.php?rest_route=\/wp\/v2\/pages"}],"about":[{"href":"https:\/\/tapdesign.ro\/index.php?rest_route=\/wp\/v2\/types\/page"}],"author":[{"embeddable":true,"href":"https:\/\/tapdesign.ro\/index.php?rest_route=\/wp\/v2\/users\/3"}],"replies":[{"embeddable":true,"href":"https:\/\/tapdesign.ro\/index.php?rest_route=%2Fwp%2Fv2%2Fcomments&post=11"}],"version-history":[{"count":16,"href":"https:\/\/tapdesign.ro\/index.php?rest_route=\/wp\/v2\/pages\/11\/revisions"}],"predecessor-version":[{"id":78,"href":"https:\/\/tapdesign.ro\/index.php?rest_route=\/wp\/v2\/pages\/11\/revisions\/78"}],"wp:attachment":[{"href":"https:\/\/tapdesign.ro\/index.php?rest_route=%2Fwp%2Fv2%2Fmedia&parent=11"}],"curies":[{"name":"wp","href":"https:\/\/api.w.org\/{rel}","templated":true}]}}